{"id":202,"date":"2026-02-07T23:32:55","date_gmt":"2026-02-07T23:32:55","guid":{"rendered":"http:\/\/mehrwegmensch.de\/imprint\/"},"modified":"2026-02-19T06:30:18","modified_gmt":"2026-02-19T06:30:18","slug":"imprint","status":"publish","type":"page","link":"https:\/\/mehrwegmensch.de\/?page_id=202","title":{"rendered":"IMPRessum"},"content":{"rendered":"\n<p><\/p>\n\n\n\n<p>medieninhaber:<br><strong><strong>mehrwegmensch <\/strong><\/strong><br><br>kontakt &amp; Datenschutz:<br><strong>Ronny Kehr<\/strong><br><strong>sorger stra\u00dfe 9<br>08626 adorf <\/strong><br><strong>info@mehrwegmensch.de<\/strong><br><\/p>\n\n\n\n<h2 class=\"wp-block-heading\"><\/h2>\n\n\n\n<p><strong>Jugendschutzinformation:<\/strong><br>Manche Teile des gezeigten musik-, bild- &amp; textmaterials beinhalten <mark style=\"background-color:rgba(0, 0, 0, 0)\" class=\"has-inline-color has-black-color\">m\u00f6gliche Trigger, welche f\u00fcr einige Menschen als extrem verst\u00f6rend, be\u00e4ngstigend sowie sexuell anz\u00fcglich empfunden werden k\u00f6nnen, und unterliegen dem Jugendschutz. Der Zugang zu diesem Internetangebot ist aus diesem Grund nur Erwachsenen Personen \u00fcber 18 Jahren gestattet.<\/mark><br><br><strong>Haftung f\u00fcr Inhalte dieser Website:<\/strong><br>Wir entwickeln die Inhalte dieser Webseite st\u00e4ndig weiter und bem\u00fchen uns korrekte und aktuelle Informationen bereitzustellen. Laut Telemediengesetz&nbsp;<a href=\"https:\/\/www.gesetze-im-internet.de\/tmg\/__7.html?tid=321175007\" target=\"_blank\" rel=\"noreferrer noopener\">(TMG) \u00a77 (1)<\/a>&nbsp;sind wir als Diensteanbieter f\u00fcr eigene Informationen, die wir zur Nutzung bereitstellen, nach den allgemeinen Gesetzen verantwortlich. Leider k\u00f6nnen wir keine Haftung f\u00fcr die Korrektheit aller Inhalte auf dieser Webseite \u00fcbernehmen, speziell f\u00fcr jene die seitens Dritter bereitgestellt wurden. Als Diensteanbieter im Sinne der \u00a7\u00a7 8 bis 10 sind wir nicht verpflichtet, die von ihnen \u00fcbermittelten oder gespeicherten Informationen zu \u00fcberwachen oder nach Umst\u00e4nden zu forschen, die auf eine rechtswidrige T\u00e4tigkeit hinweisen. Unsere Verpflichtungen zur Entfernung von Informationen oder zur Sperrung der Nutzung von Informationen nach den allgemeinen Gesetzen aufgrund von gerichtlichen oder beh\u00f6rdlichen Anordnungen bleiben auch im Falle unserer Nichtverantwortlichkeit nach den \u00a7\u00a7 8 bis 10 unber\u00fchrt.Sollten Ihnen problematische oder rechtswidrige Inhalte auffallen, bitten wir Sie uns umgehend zu kontaktieren, damit wir die rechtswidrigen Inhalte entfernen k\u00f6nnen. Sie finden die Kontaktdaten im Impressum.<br><br><strong>Urheberrechtshinweis:<\/strong><br>Alle Inhalte dieser Webseite unterliegen dem Urheberrecht der Bundesrepublik Deutschland. Bitte fragen Sie uns bevor Sie die Inhalte dieser Website verbreiten, vervielf\u00e4ltigen oder verwerten wie zum Beispiel auf anderen Websites erneut ver\u00f6ffentlichen. Falls notwendig, werden wir die unerlaubte Nutzung von Teilen der Inhalte unserer Seite rechtlich verfolgen.<\/p>\n\n\n\n<p><strong>Datenschutz:<\/strong><br>Die Nutzung unserer Webseite ist in der Regel ohne Angabe personenbezogener Daten m\u00f6glich. Soweit auf unseren Seiten personenbezogene Daten (beispielsweise Name, Anschrift oder eMail-Adressen) erhoben werden, erfolgt dies, soweit m\u00f6glich, stets auf freiwilliger Basis. Diese Daten werden ohne Ihre ausdr\u00fcckliche Zustimmung nicht an Dritte weitergegeben.<\/p>\n","protected":false},"excerpt":{"rendered":"<p>medieninhaber:mehrwegmensch kontakt &amp; Datenschutz:Ronny Kehrsorger stra\u00dfe 908626 adorf info@mehrwegmensch.de Jugendschutzinformation:Manche Teile des gezeigten musik-, bild- &amp; textmaterials beinhalten m\u00f6gliche Trigger, welche f\u00fcr einige Menschen als extrem verst\u00f6rend, be\u00e4ngstigend sowie sexuell anz\u00fcglich empfunden werden k\u00f6nnen, und unterliegen dem Jugendschutz. Der Zugang zu diesem Internetangebot ist aus diesem Grund nur Erwachsenen Personen \u00fcber 18 Jahren gestattet. Haftung [&hellip;]<\/p>\n","protected":false},"author":1,"featured_media":0,"parent":0,"menu_order":0,"comment_status":"closed","ping_status":"closed","template":"site","meta":{"h5ap_radio_sources":[],"footnotes":""},"class_list":["post-202","page","type-page","status-publish","hentry"],"_links":{"self":[{"href":"https:\/\/mehrwegmensch.de\/index.php?rest_route=\/wp\/v2\/pages\/202","targetHints":{"allow":["GET"]}}],"collection":[{"href":"https:\/\/mehrwegmensch.de\/index.php?rest_route=\/wp\/v2\/pages"}],"about":[{"href":"https:\/\/mehrwegmensch.de\/index.php?rest_route=\/wp\/v2\/types\/page"}],"author":[{"embeddable":true,"href":"https:\/\/mehrwegmensch.de\/index.php?rest_route=\/wp\/v2\/users\/1"}],"replies":[{"embeddable":true,"href":"https:\/\/mehrwegmensch.de\/index.php?rest_route=%2Fwp%2Fv2%2Fcomments&post=202"}],"version-history":[{"count":11,"href":"https:\/\/mehrwegmensch.de\/index.php?rest_route=\/wp\/v2\/pages\/202\/revisions"}],"predecessor-version":[{"id":1112,"href":"https:\/\/mehrwegmensch.de\/index.php?rest_route=\/wp\/v2\/pages\/202\/revisions\/1112"}],"wp:attachment":[{"href":"https:\/\/mehrwegmensch.de\/index.php?rest_route=%2Fwp%2Fv2%2Fmedia&parent=202"}],"curies":[{"name":"wp","href":"https:\/\/api.w.org\/{rel}","templated":true}]}}