{"id":25,"date":"2026-02-07T10:14:17","date_gmt":"2026-02-07T10:14:17","guid":{"rendered":"http:\/\/mehrwegmensch.de\/about\/"},"modified":"2026-02-19T08:35:55","modified_gmt":"2026-02-19T08:35:55","slug":"about","status":"publish","type":"page","link":"https:\/\/mehrwegmensch.de\/?page_id=25","title":{"rendered":"About.mehrwegmensch"},"content":{"rendered":"\n<p><\/p>\n\n\n\n<p style=\"font-size:14px\">mehrwegmensch &#8211; ein projekt, die Unstrukturierten schattenhaften hilfeschreie aus tr\u00e4umen und gedanken in eine passende klangliche welt zu transportieren.<br><br>lyrische kreativit\u00e4t, etwas KI, und das notwendige digitale know how, das rohe in das gew\u00fcnschte endwerk zu formen. in gewisser weise eine Form der selbsttherapie, und nicht existent, um im breiten mainstream anerkennung zu finden. Wenn es gef\u00e4llt, wunderbar, freut mich f\u00fcr dich, wenn es jemand nicht mag, spielt das keine Rolle f\u00fcr mich.<br><br><\/p>\n\n\n\n<p><\/p>\n\n\n\n<p><\/p>\n\n\n\n<p><\/p>\n\n\n\n<p style=\"font-size:11px\">F\u00fcr viele K\u00fcnstler ist KI-Musik ein klares Feindbild, wohl vor allem, da die zugeh\u00f6rigen tools mit vorhandener Musik trainiert werden, und als bedrohliche konkurrenz gesehen werden.<\/p>\n\n\n\n<p style=\"font-size:11px\">Als Nichtmusiker habe ich da eine weniger emotionsbehaftete Sicht. Ich stelle mal in den Raum, dass das Musikverst\u00e4ndnis eines jeden K\u00fcnstlers vor allem auf dem basiert, was er selbst im Leben geh\u00f6rt\/gesehen hat, angereichert von Wissen, das ebenfalls weitestgehend auf bereits gel\u00e4ufige Muster zur\u00fcckgreift. aus dieser sicht ist er ebenfalls mit vorhandener Musik &#8222;trainiert&#8220; worden.<br><br>Der Einsatz von KI in Kunst, Grafik, Musik oder Fotografie dient nicht dazu, Sch\u00f6pfungsh\u00f6he zu erreichen, sondern den kreativen Prozess zu unterst\u00fctzen. sie ersetzt keine k\u00fcnstlerische Vision, sondern erweitert sie \u2013 sie hilft, Ideen zu Strukturieren, Gedanken zu visualisieren, \u00e4sthetische Wege zu erkunden. sie ist lediglich werkzeug, ein instrument.<\/p>\n\n\n\n<p style=\"font-size:11px\">Ich sehe mich nicht als Musiker, doch ki-Tool bieten mir die M\u00f6glichkeit, Vorstellungen greifbar zu machen, wie ein Skizzenblock f\u00fcr das Unsichtbare. Sie unterst\u00fctzt, inspiriert und beschleunigt, ohne das Menschliche zu verdr\u00e4ngen. Die Kunst bleibt im Kopf und im Herzen, die KI ist nur das Werkzeug, das sie sichtbar macht. Jede technische Neuerung hat die Kunst ver\u00e4ndert. Pinsel, Kamera, das Mischpult, smartphone. immer gab es Stimmen, die im Neuen den Feind sahen. Doch Kunst war nie Besitzstand, sondern fortBewegung. KI ist die logische Fortsetzung dieser Entwicklung: Sie verkn\u00fcpft k\u00fcnstlerische und k\u00fcnstliche Intelligenz zu einer Symbiose, die Kreativit\u00e4t nicht mindert, sondern vervielfacht. Wer sie verteufelt, stellt sich selbst still \u2013 und verschwindet im Rauschen der Zeit. auch wenn ich doch einiges in bezug auf k\u00fcnstliche intelligenz selbst sehr bedenklich finde, aufhalten wird diesen prozess wohl keiner von uns.<\/p>\n\n\n\n<p style=\"font-size:11px\">So kann ich meinen gedanken in den passenden kosmos \u00fcberhelfen. Ich habe zu meinen auf papier gebrachten Illusionen immer eine spr\u00f6de Vision, wie das fertige Resultat auszusehen, oder besser, zu klingen hat.<\/p>\n\n\n\n<p style=\"font-size:11px\">Und sind wir mal ehrlich, als Fotograf und Fotok\u00fcnstler h\u00e4tte ich konsequenterweise auch jedes Smartphone mit einer guten Kamera verteufeln, als konkurrenz sehen m\u00fcssen, da diese es jeder &#8222;Normalsterblichen&#8220; person erm\u00f6glichte, ohne jedes technische grund Wissen oder die passende Ausbildung gute Bildergebnisse zu verwirklichen.<\/p>\n","protected":false},"excerpt":{"rendered":"<p>mehrwegmensch &#8211; ein projekt, die Unstrukturierten schattenhaften hilfeschreie aus tr\u00e4umen und gedanken in eine passende klangliche welt zu transportieren. lyrische kreativit\u00e4t, etwas KI, und das notwendige digitale know how, das rohe in das gew\u00fcnschte endwerk zu formen. in gewisser weise eine Form der selbsttherapie, und nicht existent, um im breiten mainstream anerkennung zu finden. Wenn [&hellip;]<\/p>\n","protected":false},"author":1,"featured_media":0,"parent":0,"menu_order":0,"comment_status":"closed","ping_status":"closed","template":"site","meta":{"h5ap_radio_sources":[],"footnotes":""},"class_list":["post-25","page","type-page","status-publish","hentry"],"_links":{"self":[{"href":"https:\/\/mehrwegmensch.de\/index.php?rest_route=\/wp\/v2\/pages\/25","targetHints":{"allow":["GET"]}}],"collection":[{"href":"https:\/\/mehrwegmensch.de\/index.php?rest_route=\/wp\/v2\/pages"}],"about":[{"href":"https:\/\/mehrwegmensch.de\/index.php?rest_route=\/wp\/v2\/types\/page"}],"author":[{"embeddable":true,"href":"https:\/\/mehrwegmensch.de\/index.php?rest_route=\/wp\/v2\/users\/1"}],"replies":[{"embeddable":true,"href":"https:\/\/mehrwegmensch.de\/index.php?rest_route=%2Fwp%2Fv2%2Fcomments&post=25"}],"version-history":[{"count":107,"href":"https:\/\/mehrwegmensch.de\/index.php?rest_route=\/wp\/v2\/pages\/25\/revisions"}],"predecessor-version":[{"id":667,"href":"https:\/\/mehrwegmensch.de\/index.php?rest_route=\/wp\/v2\/pages\/25\/revisions\/667"}],"wp:attachment":[{"href":"https:\/\/mehrwegmensch.de\/index.php?rest_route=%2Fwp%2Fv2%2Fmedia&parent=25"}],"curies":[{"name":"wp","href":"https:\/\/api.w.org\/{rel}","templated":true}]}}